{"id":250,"date":"2020-06-30T19:25:17","date_gmt":"2020-06-30T17:25:17","guid":{"rendered":"https:\/\/mon-guide.ch\/shop\/?post_type=product&#038;p=250"},"modified":"2020-06-30T19:33:53","modified_gmt":"2020-06-30T17:33:53","slug":"montre-alex-benlo-swiss-coins-40mm","status":"publish","type":"product","link":"https:\/\/mon-guide.ch\/shop\/produit\/montre-alex-benlo-swiss-coins-40mm\/","title":{"rendered":"Montre \u2013 Alex Benlo \u2013 Swiss Coins 40mm"},"content":{"rendered":"<p><strong>Fonctionnalit\u00e9s<br \/>\n<\/strong>40 mm pi\u00e8ce de monnaie en argent<br \/>\nFonctions : Heures, Minutes,Secondes<br \/>\n\u00c9dition Limit\u00e9e \u00e0 388 pi\u00e8ces<\/p>\n<p><strong>Cadran<br \/>\n<\/strong>Ancienne pi\u00e8ce de monnaie suisse en argent 5 Francs suisse<br \/>\nAnn\u00e9e: 1967<\/p>\n<p><strong>R\u00e9haut<br \/>\n<\/strong>1 diamant<\/p>\n<p><strong>Mouvement<\/strong><br \/>\nMouvement Suisse<br \/>\nM\u00e9canique \u00e0 remontage automatique SW300<br \/>\nAiguilles N\u00b08<br \/>\nR\u00e9serve de marche de 42 heures<\/p>\n<p><strong>Boite<\/strong><br \/>\nBoite en Acier de 40 mm<br \/>\nGlace saphir bomb\u00e9e avec traitement anti-reflet<br \/>\nFond transparent avec glace saphir<br \/>\n\u00c9tanchi\u00e9t\u00e9 \u00e0 3 ATM<\/p>\n<p><strong>Bracelet<\/strong><br \/>\nCuir, imitation alligator<\/p>\n<p><strong>Boucle<\/strong><br \/>\nBoucle en acier grav\u00e9e Alex Benlo<\/p>\n<p>&nbsp;<\/p>\n<p>&nbsp;<\/p>\n<p>&nbsp;<\/p>\n","protected":false},"excerpt":{"rendered":"<p>Montre Alex Benlo dot\u00e9 d&#8217;un cadran compos\u00e9 d&#8217;une ancienne pi\u00e8ce de 5 Francs suisse.<\/p>\n","protected":false},"featured_media":248,"template":"","meta":{"spay_email":""},"_links":{"self":[{"href":"https:\/\/mon-guide.ch\/shop\/wp-json\/wp\/v2\/product\/250"}],"collection":[{"href":"https:\/\/mon-guide.ch\/shop\/wp-json\/wp\/v2\/product"}],"about":[{"href":"https:\/\/mon-guide.ch\/shop\/wp-json\/wp\/v2\/types\/product"}],"wp:featuredmedia":[{"embeddable":true,"href":"https:\/\/mon-guide.ch\/shop\/wp-json\/wp\/v2\/media\/248"}],"wp:attachment":[{"href":"https:\/\/mon-guide.ch\/shop\/wp-json\/wp\/v2\/media?parent=250"}],"curies":[{"name":"wp","href":"https:\/\/api.w.org\/{rel}","templated":true}]}}