{"id":265,"date":"2020-06-30T20:37:47","date_gmt":"2020-06-30T18:37:47","guid":{"rendered":"https:\/\/mon-guide.ch\/shop\/?post_type=product&#038;p=265"},"modified":"2020-06-30T20:37:47","modified_gmt":"2020-06-30T18:37:47","slug":"montre-alex-benlo-green-marble-jade-40mm","status":"publish","type":"product","link":"https:\/\/mon-guide.ch\/shop\/produit\/montre-alex-benlo-green-marble-jade-40mm\/","title":{"rendered":"Montre \u2013 Alex Benlo \u2013 Green Marble Jade 40mm"},"content":{"rendered":"<p><strong>Fonctionnalit\u00e9s<\/strong><br \/>\n40 mm grav\u00e9 en Jade grade B<br \/>\nFonctions : Heures, Minutes,Secondes<br \/>\n\u00c9dition Limit\u00e9e \u00e0 388 pi\u00e8ces<\/p>\n<p><strong>Cadran<\/strong><br \/>\nJade naturel de grade B<br \/>\nSculpt\u00e9 \u00e0 la main<br \/>\nFleurs et Arabesque<\/p>\n<p><strong>Mouvement<\/strong><br \/>\nMouvement Suisse<br \/>\nM\u00e9canique \u00e0 remontage automatique SW300 Aiguilles N\u00b08<br \/>\nR\u00e9serve de marche de 42 heures<\/p>\n<p><strong>Boite<\/strong><br \/>\nBoite en Acier de 40 mm<br \/>\nGlace saphir bomb\u00e9e avec traitement anti-reflet<br \/>\nFond transparent avec glace saphir<br \/>\n\u00c9tanchi\u00e9t\u00e9 \u00e0 3 ATM<\/p>\n<p><strong>Bracelet<\/strong><br \/>\nCuir, imitation alligator<\/p>\n<p><strong>Boucle<\/strong><br \/>\nBoucle en acier grav\u00e9e Alex Benlo<\/p>\n<p><strong>Vertues<\/strong><br \/>\nProtection, chance, sagesse<\/p>\n","protected":false},"excerpt":{"rendered":"<p>Montre Alex Benlo dot\u00e9 d&#8217;un cadran en pierre de Jade naturelle sculpt\u00e9e \u00e0 la main.<\/p>\n","protected":false},"featured_media":264,"template":"","meta":{"spay_email":""},"_links":{"self":[{"href":"https:\/\/mon-guide.ch\/shop\/wp-json\/wp\/v2\/product\/265"}],"collection":[{"href":"https:\/\/mon-guide.ch\/shop\/wp-json\/wp\/v2\/product"}],"about":[{"href":"https:\/\/mon-guide.ch\/shop\/wp-json\/wp\/v2\/types\/product"}],"wp:featuredmedia":[{"embeddable":true,"href":"https:\/\/mon-guide.ch\/shop\/wp-json\/wp\/v2\/media\/264"}],"wp:attachment":[{"href":"https:\/\/mon-guide.ch\/shop\/wp-json\/wp\/v2\/media?parent=265"}],"curies":[{"name":"wp","href":"https:\/\/api.w.org\/{rel}","templated":true}]}}