{"id":273,"date":"2020-06-30T20:37:23","date_gmt":"2020-06-30T18:37:23","guid":{"rendered":"https:\/\/mon-guide.ch\/shop\/?post_type=product&#038;p=273"},"modified":"2020-06-30T20:37:24","modified_gmt":"2020-06-30T18:37:24","slug":"montre-alex-benlo-milky-jade-32mm","status":"publish","type":"product","link":"https:\/\/mon-guide.ch\/shop\/produit\/montre-alex-benlo-milky-jade-32mm\/","title":{"rendered":"Montre \u2013 Alex Benlo \u2013 Milky Jade 32mm"},"content":{"rendered":"<p><strong>Fonctionnalit\u00e9s<\/strong><br \/>\n32 mm grav\u00e9 en Jade grade A<br \/>\nFonctions : Heures, Minutes,Secondes<br \/>\n\u00c9dition Limit\u00e9e \u00e0 388 pi\u00e8ces<\/p>\n<p><strong>Cadran<\/strong><br \/>\nJade naturel de grade A<br \/>\nSculpt\u00e9 \u00e0 la main<br \/>\nFleurs et Arabesque<\/p>\n<p><strong>Mouvement<\/strong><br \/>\nMouvement Suisse<br \/>\nMouvement Quartz R 703 Aiguilles N\u00b05<br \/>\nLongue vie : 5 ans<\/p>\n<p><strong>Boite<\/strong><br \/>\nBoite en Acier de 32 mm<br \/>\nGlace saphir bomb\u00e9e avec traitement anti-reflet<br \/>\n\u00c9tanchi\u00e9t\u00e9 \u00e0 3 ATM<\/p>\n<p><strong>Bracelet<\/strong><br \/>\nCuir, imitation alligator<\/p>\n<p><strong>Boucle<\/strong><br \/>\nBoucle en acier grav\u00e9e Alex Benlo<\/p>\n<p><strong>Vertues<\/strong><br \/>\nProtection, chance, sagesse<\/p>\n","protected":false},"excerpt":{"rendered":"<p>Montre Alex Benlo dot\u00e9 d&#8217;un cadran unique en pierre de Jade sculpt\u00e9 \u00e0 la main.<\/p>\n","protected":false},"featured_media":275,"template":"","meta":{"spay_email":""},"_links":{"self":[{"href":"https:\/\/mon-guide.ch\/shop\/wp-json\/wp\/v2\/product\/273"}],"collection":[{"href":"https:\/\/mon-guide.ch\/shop\/wp-json\/wp\/v2\/product"}],"about":[{"href":"https:\/\/mon-guide.ch\/shop\/wp-json\/wp\/v2\/types\/product"}],"wp:featuredmedia":[{"embeddable":true,"href":"https:\/\/mon-guide.ch\/shop\/wp-json\/wp\/v2\/media\/275"}],"wp:attachment":[{"href":"https:\/\/mon-guide.ch\/shop\/wp-json\/wp\/v2\/media?parent=273"}],"curies":[{"name":"wp","href":"https:\/\/api.w.org\/{rel}","templated":true}]}}