{"id":279,"date":"2020-06-30T20:37:26","date_gmt":"2020-06-30T18:37:26","guid":{"rendered":"https:\/\/mon-guide.ch\/shop\/?post_type=product&#038;p=279"},"modified":"2020-06-30T20:37:26","modified_gmt":"2020-06-30T18:37:26","slug":"montre-alex-benlo-ice-jade-luminescent-32mm","status":"publish","type":"product","link":"https:\/\/mon-guide.ch\/shop\/produit\/montre-alex-benlo-ice-jade-luminescent-32mm\/","title":{"rendered":"Montre \u2013 Alex Benlo \u2013 Ice Jade Luminescent 32mm"},"content":{"rendered":"<p><strong>Fonctionnalit\u00e9s<\/strong><br \/>\n32 mm en Jade grade A<br \/>\nFonctions : Heures, Minutes,Secondes<br \/>\n\u00c9dition illimit\u00e9e<\/p>\n<p><strong>Cadran<\/strong><br \/>\nJade naturel de grade A<br \/>\nTraitement Luminescent<\/p>\n<p><strong>Mouvement<\/strong><br \/>\nMouvement Suisse<br \/>\nMouvement Quartz R 703 Aiguilles N\u00b05<br \/>\nLongue vie : 5 ans<\/p>\n<p><strong>Boite<\/strong><br \/>\nBoite en Acier de 32 mm<br \/>\nGlace saphir bomb\u00e9e avec traitement anti-reflet<br \/>\n\u00c9tanchi\u00e9t\u00e9 \u00e0 3 ATM<\/p>\n<p><strong>Bracelet<\/strong><br \/>\nCuir, imitation alligator<\/p>\n<p><strong>Boucle<\/strong><br \/>\nBoucle en acier grav\u00e9e Alex Benlo<\/p>\n<p><strong>Vertues<\/strong><br \/>\nProtection, chance, sagesse<\/p>\n","protected":false},"excerpt":{"rendered":"<p>Montre Alex Benlo dot\u00e9 d&#8217;un cadran unique en pierre de Jade luminescent.<\/p>\n","protected":false},"featured_media":274,"template":"","meta":{"spay_email":""},"_links":{"self":[{"href":"https:\/\/mon-guide.ch\/shop\/wp-json\/wp\/v2\/product\/279"}],"collection":[{"href":"https:\/\/mon-guide.ch\/shop\/wp-json\/wp\/v2\/product"}],"about":[{"href":"https:\/\/mon-guide.ch\/shop\/wp-json\/wp\/v2\/types\/product"}],"wp:featuredmedia":[{"embeddable":true,"href":"https:\/\/mon-guide.ch\/shop\/wp-json\/wp\/v2\/media\/274"}],"wp:attachment":[{"href":"https:\/\/mon-guide.ch\/shop\/wp-json\/wp\/v2\/media?parent=279"}],"curies":[{"name":"wp","href":"https:\/\/api.w.org\/{rel}","templated":true}]}}