{"id":285,"date":"2020-06-30T20:37:24","date_gmt":"2020-06-30T18:37:24","guid":{"rendered":"https:\/\/mon-guide.ch\/shop\/?post_type=product&#038;p=285"},"modified":"2020-06-30T20:37:25","modified_gmt":"2020-06-30T18:37:25","slug":"montre-alex-benlo-quartz-blanc-32mm","status":"publish","type":"product","link":"https:\/\/mon-guide.ch\/shop\/produit\/montre-alex-benlo-quartz-blanc-32mm\/","title":{"rendered":"Montre \u2013 Alex Benlo \u2013 Quartz Blanc 32mm"},"content":{"rendered":"<p><strong>Fonctionnalit\u00e9s<\/strong><br \/>\n32 mm Quartz Blanc<br \/>\nFonctions : Heures, Minutes,Secondes<br \/>\n\u00c9dition illimit\u00e9e<\/p>\n<p><strong>Cadran<\/strong><br \/>\nQuartz blanc naturel<br \/>\nTraitement luminescent<\/p>\n<p><strong>Mouvement<\/strong><br \/>\nMouvement Suisse<br \/>\nMouvement Quartz R 703 Aiguilles N\u00b05<br \/>\nLongue vie : 5 ans<\/p>\n<p><strong>Boite<\/strong><br \/>\nBoite en Acier de 32 mm<br \/>\nGlace saphir bomb\u00e9e avec traitement anti-reflet<br \/>\n\u00c9tanchi\u00e9t\u00e9 \u00e0 3 ATM<\/p>\n<p><strong>Bracelet<\/strong><br \/>\nCuir, imitation alligator<\/p>\n<p><strong>Boucle<\/strong><br \/>\nBoucle en acier grav\u00e9e Alex Benlo<\/p>\n<p><strong>Vertues<\/strong><br \/>\nAm\u00e9liore le sens de la diplomatie, apaise les angoisses, \u00e9quilibre les pens\u00e9es<\/p>\n","protected":false},"excerpt":{"rendered":"<p>Montre Alex Benlo dot\u00e9 d&#8217;un cadran unique en quartz blanc luminescent.<\/p>\n","protected":false},"featured_media":284,"template":"","meta":{"spay_email":""},"_links":{"self":[{"href":"https:\/\/mon-guide.ch\/shop\/wp-json\/wp\/v2\/product\/285"}],"collection":[{"href":"https:\/\/mon-guide.ch\/shop\/wp-json\/wp\/v2\/product"}],"about":[{"href":"https:\/\/mon-guide.ch\/shop\/wp-json\/wp\/v2\/types\/product"}],"wp:featuredmedia":[{"embeddable":true,"href":"https:\/\/mon-guide.ch\/shop\/wp-json\/wp\/v2\/media\/284"}],"wp:attachment":[{"href":"https:\/\/mon-guide.ch\/shop\/wp-json\/wp\/v2\/media?parent=285"}],"curies":[{"name":"wp","href":"https:\/\/api.w.org\/{rel}","templated":true}]}}