{"id":447,"date":"2020-07-10T16:46:33","date_gmt":"2020-07-10T14:46:33","guid":{"rendered":"https:\/\/mon-guide.ch\/shop\/?post_type=product&#038;p=447"},"modified":"2020-07-10T16:54:19","modified_gmt":"2020-07-10T14:54:19","slug":"cervelo-gravel-aspero","status":"publish","type":"product","link":"https:\/\/mon-guide.ch\/shop\/produit\/cervelo-gravel-aspero\/","title":{"rendered":"Cerv\u00e9lo Gravel \u00c1SPERO"},"content":{"rendered":"<p>Avec l&#8217;Aspero, CERV\u00c9LO fait une entr\u00e9e fracassante dans l&#8217;univers du Gravel. Mod\u00e8le r\u00e9solument sportif, il a \u00e9t\u00e9 pens\u00e9 pour les comp\u00e9titeurs Gravel, qu&#8217;il s&#8217;agisse de courses d&#8217;Endurance ou de Gravel Enduro.<\/p>\n<p>Ce v\u00e9lo repose ainsi sur un cadre en carbone l\u00e9ger et nerveux affichant une excellente rigidit\u00e9 et un transfert maximal de puissance, pour des relances dynamiques, des ascensions rapides, tout en offrant un grand contr\u00f4le pour des descentes tout en fluidit\u00e9.<\/p>\n<p>Affichant une belle polyvalence, sa fourche affiche deux positions\u00a0 et permet d&#8217;accuellir une grande vari\u00e9t\u00e9 de tailles de pneus, jusqu&#8217;\u00e0 700x42C ou 650x49B.<\/p>\n<p>C\u00f4t\u00e9 \u00e9quipement, cette version haut de gamme re\u00e7oit une transmission Shimano GRX 810 &#8211; qui fait d\u00e9j\u00e0 figure de r\u00e9f\u00e9rence en Gravel &#8211; associ\u00e9e \u00e0 un superbe p\u00e9dalier Easton EA90 32\/47 et cassette 11\/34 dents, parfait pour couvrir tous les terrains. Les freins sont \u00e9galement issus du groupe GRX, garantissant un pilotage aussi pr\u00e9cis qu&#8217;efficace.<\/p>\n<p>Enfin Easton fournit aussi le poste de pilotage, la tige selle et les roues avec les EA 70 AX.<\/p>\n","protected":false},"excerpt":{"rendered":"<p>V\u00e9lo Cerv\u00e9lo<\/p>\n","protected":false},"featured_media":446,"template":"","meta":{"spay_email":""},"_links":{"self":[{"href":"https:\/\/mon-guide.ch\/shop\/wp-json\/wp\/v2\/product\/447"}],"collection":[{"href":"https:\/\/mon-guide.ch\/shop\/wp-json\/wp\/v2\/product"}],"about":[{"href":"https:\/\/mon-guide.ch\/shop\/wp-json\/wp\/v2\/types\/product"}],"wp:featuredmedia":[{"embeddable":true,"href":"https:\/\/mon-guide.ch\/shop\/wp-json\/wp\/v2\/media\/446"}],"wp:attachment":[{"href":"https:\/\/mon-guide.ch\/shop\/wp-json\/wp\/v2\/media?parent=447"}],"curies":[{"name":"wp","href":"https:\/\/api.w.org\/{rel}","templated":true}]}}