{"id":510,"date":"2020-09-03T09:43:23","date_gmt":"2020-09-03T07:43:23","guid":{"rendered":"https:\/\/mon-guide.ch\/shop\/?post_type=product&#038;p=510"},"modified":"2020-09-03T10:32:09","modified_gmt":"2020-09-03T08:32:09","slug":"vitrage-vehicule","status":"publish","type":"product","link":"https:\/\/mon-guide.ch\/shop\/produit\/vitrage-vehicule\/","title":{"rendered":"Vitrage v\u00e9hicule"},"content":{"rendered":"<p class=\"Textbody\" style=\"margin-bottom: 0cm;line-height: 140%\"><u><span style=\"font-size: 10.0pt;line-height: 140%;font-family: 'Helvetica',sans-serif;color: black\">Les avantages\u00a0:<\/span><\/u><\/p>\n<ul>\n<li class=\"Textbody\" style=\"line-height: 140%\"><span style=\"font-size: 10.0pt;line-height: 140%;font-family: 'Helvetica',sans-serif;color: black\">Tous nos films sont homologu\u00e9s et filtrent les UV \u00e0 99%.<\/span><\/li>\n<li class=\"Textbody\" style=\"line-height: 140%\"><span style=\"font-size: 10.0pt;line-height: 140%;font-family: 'Helvetica',sans-serif;color: black\">Rejet jusqu&#8217;\u00e0 80% de la chaleur.<\/span><\/li>\n<li class=\"Textbody\" style=\"line-height: 140%\"><span style=\"font-size: 10.0pt;line-height: 140%;font-family: 'Helvetica',sans-serif;color: black\">Emp\u00eache la d\u00e9coloration de l&#8217;int\u00e9rieur de votre v\u00e9hicule.<\/span><\/li>\n<li class=\"Textbody\" style=\"line-height: 140%\"><span style=\"font-size: 10.0pt;line-height: 140%;font-family: 'Helvetica',sans-serif;color: black\">Protection contre les regards indiscrets \u00e0 l&#8217;int\u00e9rieur de votre v\u00e9hicule.<\/span><\/li>\n<li class=\"Textbody\" style=\"line-height: 140%\"><span style=\"font-size: 10.0pt;line-height: 140%;font-family: 'Helvetica',sans-serif;color: black\">Am\u00e9liore l&#8217;apparence esth\u00e9tique de votre v\u00e9hicule.<\/span><\/li>\n<li class=\"Textbody\" style=\"line-height: 140%\"><span style=\"font-size: 10.0pt;line-height: 140%;font-family: 'Helvetica',sans-serif;color: black\">Anti-\u00e9clats : les d\u00e9bris de verre restent coll\u00e9s au film en cas d\u2019\u00e9clatement de la vitre. R\u00e9duction des risques de blessures.<\/span><\/li>\n<li class=\"Textbody\" style=\"line-height: 140%\"><span style=\"font-size: 10.0pt;line-height: 140%;font-family: 'Helvetica',sans-serif;color: black\">Votre air climatis\u00e9 est moins sollicit\u00e9 pendant les p\u00e9riodes de chaleur, de ce fait, vous \u00e9conomisez en essence puisque celle-ci fonctionne moins.<\/span><\/li>\n<\/ul>\n<p class=\"Textbody\"><u><span style=\"font-size: 10.0pt;font-family: 'Helvetica',sans-serif;color: black\">Nous proposons les teintes suivantes\u00a0:<\/span><\/u><\/p>\n<ul>\n<li class=\"Textbody\"><span style=\"font-size: 10.0pt;font-family: 'Helvetica',sans-serif;color: black\">noir 50%<\/span><\/li>\n<li class=\"Textbody\"><span style=\"font-size: 10.0pt;font-family: 'Helvetica',sans-serif;color: black\">noir 65%<\/span><\/li>\n<li class=\"Textbody\"><span style=\"font-size: 10.0pt;font-family: 'Helvetica',sans-serif;color: black\">noir 88%<\/span><\/li>\n<li class=\"Textbody\"><span style=\"font-size: 10.0pt;font-family: 'Helvetica',sans-serif;color: black\">noir 95%<\/span><\/li>\n<\/ul>\n<p class=\"Textbody\"><span style=\"font-size: 10.0pt;font-family: 'Helvetica',sans-serif;color: black\">et plus d&#8217;une dizaine de teinte sp\u00e9ciale (sur demande).<\/span><\/p>\n<p class=\"Textbody\"><b><span style=\"font-size: 10.0pt;font-family: 'Helvetica',sans-serif;color: black\">Tous nos films pour v\u00e9hicules sont homologu\u00e9s, filtrent les UV \u00e0 99%, avec une garantie de 10 ans.<\/span><\/b><\/p>\n<p class=\"Textbody\"><u><span style=\"font-size: 10.0pt;font-family: 'Helvetica',sans-serif;color: black\">Pare-choc\u00a0:<\/span><\/u><span style=\"font-size: 10.0pt;font-family: 'Helvetica',sans-serif;color: black\"> Nous proposons \u00e9galement la protection du pare-choc arri\u00e8re qui servira \u00e0 pr\u00e9server la zone de chargement du coffre.<\/span><\/p>\n<p class=\"Textbody\"><u><span style=\"font-size: 10.0pt;font-family: 'Helvetica',sans-serif;color: black\">Bande pare-soleil\u00a0:<\/span><\/u><span style=\"font-size: 10.0pt;font-family: 'Helvetica',sans-serif;color: black\"> La bande pare-soleil a \u00e9t\u00e9 homologu\u00e9e en 2014. Cela \u00e9vitera d&#8217;\u00eatre \u00e9bloui d\u00e8s les premiers rayons de soleil.<\/span><\/p>\n","protected":false},"excerpt":{"rendered":"<p class=\"Textbody\"><b><u><span style=\"font-size: 10.0pt;font-family: 'Helvetica',sans-serif;color: black\">Description des films pour vitrages v\u00e9hicules<\/span><\/u><\/b><\/p>\n<p class=\"Textbody\"><span style=\"font-size: 10.0pt;font-family: 'Helvetica',sans-serif;color: black\">Nos films teint\u00e9s offrent une protection optimale contre les rayons UV, contre la chaleur, contre les regards indiscrets ainsi que contre le bris de glace.<\/span><\/p>\n","protected":false},"featured_media":497,"template":"","meta":{"spay_email":""},"_links":{"self":[{"href":"https:\/\/mon-guide.ch\/shop\/wp-json\/wp\/v2\/product\/510"}],"collection":[{"href":"https:\/\/mon-guide.ch\/shop\/wp-json\/wp\/v2\/product"}],"about":[{"href":"https:\/\/mon-guide.ch\/shop\/wp-json\/wp\/v2\/types\/product"}],"wp:featuredmedia":[{"embeddable":true,"href":"https:\/\/mon-guide.ch\/shop\/wp-json\/wp\/v2\/media\/497"}],"wp:attachment":[{"href":"https:\/\/mon-guide.ch\/shop\/wp-json\/wp\/v2\/media?parent=510"}],"curies":[{"name":"wp","href":"https:\/\/api.w.org\/{rel}","templated":true}]}}