{"id":511,"date":"2020-09-03T09:44:44","date_gmt":"2020-09-03T07:44:44","guid":{"rendered":"https:\/\/mon-guide.ch\/shop\/?post_type=product&#038;p=511"},"modified":"2020-09-03T10:26:30","modified_gmt":"2020-09-03T08:26:30","slug":"vitrage-batiment","status":"publish","type":"product","link":"https:\/\/mon-guide.ch\/shop\/produit\/vitrage-batiment\/","title":{"rendered":"Vitrage b\u00e2timent"},"content":{"rendered":"<p class=\"Textbody\" style=\"margin-bottom: 0cm;line-height: 140%\"><u><span style=\"font-size: 10.0pt;line-height: 140%;font-family: 'Helvetica',sans-serif;color: black\">Les avantages\u00a0:<\/span><\/u><\/p>\n<ul>\n<li class=\"Textbody\" style=\"line-height: 140%\"><span style=\"font-size: 10.0pt;line-height: 140%;font-family: 'Helvetica',sans-serif;color: black\">Tous nos films sont homologu\u00e9s et filtrent les UV \u00e0 99%.<\/span><\/li>\n<li class=\"Textbody\" style=\"line-height: 140%\"><span style=\"font-size: 10.0pt;line-height: 140%;font-family: 'Helvetica',sans-serif;color: black\">Rejet jusqu&#8217;\u00e0 85% de la chaleur.<b><\/b><\/span><\/li>\n<li class=\"Standard\" style=\"line-height: 140%\"><span style=\"font-size: 10.0pt;line-height: 140%;font-family: 'Helvetica',sans-serif;color: black\">Emp\u00eache la d\u00e9coloration de l&#8217;int\u00e9rieur de votre b\u00e2timent.<\/span><\/li>\n<li class=\"Textbody\" style=\"line-height: 140%\"><span style=\"font-size: 10.0pt;line-height: 140%;font-family: 'Helvetica',sans-serif;color: black\">Protection contre les regards indiscrets, anti vis-\u00e0-vis.<b><\/b><\/span><\/li>\n<li class=\"Textbody\" style=\"line-height: 140%\"><span style=\"font-size: 10.0pt;line-height: 140%;font-family: 'Helvetica',sans-serif;color: black\"><b>Films d\u00e9coratifs : nous r\u00e9alisons \u00e9galement diverses d\u00e9corations sur le vitrage b\u00e2timent de telle sorte que vous pouvez personnaliser votre vitre \u00e0 votre fa\u00e7on.<\/b><b><\/b><\/span><\/li>\n<li class=\"Textbody\" style=\"line-height: 140%\"><span style=\"font-size: 10.0pt;line-height: 140%;font-family: 'Helvetica',sans-serif;color: black\">Anti-effraction : les d\u00e9bris de verre restent coll\u00e9s au film en cas d\u2019\u00e9clatement de la vitre. Cela dissuadera les voleurs de continuer le travail !<b><\/b><\/span><\/li>\n<li class=\"Textbody\" style=\"line-height: 140%\"><span style=\"font-size: 10.0pt;line-height: 140%;font-family: 'Helvetica',sans-serif;color: black\">Contre le vandalisme : l&#8217;effet miroir emp\u00eachent de voir \u00e0 l&#8217;int\u00e9rieur.<\/span><\/li>\n<li class=\"Textbody\" style=\"line-height: 140%\"><span style=\"font-size: 10.0pt;line-height: 140%;font-family: 'Helvetica',sans-serif;color: black\">R\u00e9duction de la luminosit\u00e9<\/span><\/li>\n<\/ul>\n<p class=\"Textbody\" style=\"margin-bottom: 0cm;line-height: 140%\"><b><span style=\"font-size: 10.0pt;line-height: 140%;font-family: 'Helvetica',sans-serif;color: black\">Tous nos films pour b\u00e2timents sont homologu\u00e9s, filtrent les UV \u00e0 99%, avec une garantie de 5 \u00e0 10 ans selon le traitement.<\/span><\/b><\/p>\n","protected":false},"excerpt":{"rendered":"<p><span style=\"color: #000000;font-family: Helvetica, sans-serif;font-size: 13.3333px\">Il existe diff\u00e9rentes sortes de films anti-UV ou solaires : leurs principales caract\u00e9ristiques sont de prot\u00e9ger les lieux de vie et de travail de la chaleur et des UV. Id\u00e9al pour une entreprise : les employ\u00e9s disposent de meilleures conditions de travail gr\u00e2ce \u00e0 l&#8217;effet r\u00e9flecteur de l&#8217;\u00e9nergie solaire du film. Mais nous proposons \u00e9galement des films opaques ou miroirs qui prot\u00e8gent votre int\u00e9rieur des regards indiscrets, de la d\u00e9coloration, du vis-\u00e0-vis ainsi que des films anti-effraction qui dissuaderont les voleurs.<\/span><\/p>\n","protected":false},"featured_media":491,"template":"","meta":{"spay_email":""},"_links":{"self":[{"href":"https:\/\/mon-guide.ch\/shop\/wp-json\/wp\/v2\/product\/511"}],"collection":[{"href":"https:\/\/mon-guide.ch\/shop\/wp-json\/wp\/v2\/product"}],"about":[{"href":"https:\/\/mon-guide.ch\/shop\/wp-json\/wp\/v2\/types\/product"}],"wp:featuredmedia":[{"embeddable":true,"href":"https:\/\/mon-guide.ch\/shop\/wp-json\/wp\/v2\/media\/491"}],"wp:attachment":[{"href":"https:\/\/mon-guide.ch\/shop\/wp-json\/wp\/v2\/media?parent=511"}],"curies":[{"name":"wp","href":"https:\/\/api.w.org\/{rel}","templated":true}]}}