{"id":733,"date":"2022-12-09T10:53:31","date_gmt":"2022-12-09T09:53:31","guid":{"rendered":"https:\/\/mon-guide.ch\/shop\/?post_type=product&#038;p=733"},"modified":"2025-08-12T10:46:57","modified_gmt":"2025-08-12T08:46:57","slug":"giant-talon-29-2","status":"publish","type":"product","link":"https:\/\/mon-guide.ch\/shop\/produit\/giant-talon-29-2\/","title":{"rendered":"V\u00e9lo VTT GIANT TALON 29 2"},"content":{"rendered":"<p>Cadre: Aluminium g\u00e9ant de qualit\u00e9 ALUXX, disque<\/p>\n<p>Fourche: SR Suntour XCM30, QR, direction en alliage, d\u00e9battement de 100 mm<\/p>\n<p>Guidon: Giant Connect Trail, 31,8 mm, 780 mm<\/p>\n<p>Poign\u00e9es: Giant Sole-O<\/p>\n<p>Tige: Giant Sport, 7 degr\u00e9s, Taille S: 50 mm, M: 60 mm, L: 70 mm<\/p>\n<p>Tige de selle: Giant Sport, 30.9, 375 mm<\/p>\n<p>Selle: Giant custom<\/p>\n<p>P\u00e9dales: VTT en cage<\/p>\n<p>Levier de vitesses: Shimano Altus M2010, 2&#215;9 vitesses<\/p>\n<p>D\u00e9railleur: Shimano Altus M2020<\/p>\n<p>D\u00e9railleur arri\u00e8re: Shimano Altus M2000<\/p>\n<p>Freins : Tektro HDC M275, frein \u00e0 disque hydraulique, rotors Tektro [F] 180 mm, [R] 160 mm<\/p>\n<p>Levier de frein: Tektro HDC M275<\/p>\n<p>Cassette: Shimano Deore HG200, 11-32 dents<\/p>\n<p>Cha\u00eene: KMC X9<\/p>\n<p>Manivelle: ProWheel forg\u00e9, 22\/36 dents, longueur de manivelle taille S: 170 mm, M-L: 175 mm<\/p>\n<p>P\u00e9dalier: cartouche<\/p>\n<p>Jantes: Giant GX03V 29, alliage, double paroi, largeur int\u00e9rieure de 21mm<\/p>\n<p>Moyeu: alliage, roulement scell\u00e9<\/p>\n<p>Rayons: inoxydable, 14g<\/p>\n<p>Pneus: Kenda Booster 29&#215;2.2 \u00bb, cordon de fil<\/p>\n<p>Extras: 2.4 \u00ab taille maximale du pneu, 32t taille maximale du plateau<\/p>\n","protected":false},"excerpt":{"rendered":"<p>GIANT VTT Hardtail Talon 29 2, Taille S, M et L couleur phantom green<\/p>\n","protected":false},"featured_media":732,"template":"","meta":{"spay_email":""},"_links":{"self":[{"href":"https:\/\/mon-guide.ch\/shop\/wp-json\/wp\/v2\/product\/733"}],"collection":[{"href":"https:\/\/mon-guide.ch\/shop\/wp-json\/wp\/v2\/product"}],"about":[{"href":"https:\/\/mon-guide.ch\/shop\/wp-json\/wp\/v2\/types\/product"}],"wp:featuredmedia":[{"embeddable":true,"href":"https:\/\/mon-guide.ch\/shop\/wp-json\/wp\/v2\/media\/732"}],"wp:attachment":[{"href":"https:\/\/mon-guide.ch\/shop\/wp-json\/wp\/v2\/media?parent=733"}],"curies":[{"name":"wp","href":"https:\/\/api.w.org\/{rel}","templated":true}]}}