{"id":768,"date":"2025-08-15T12:05:22","date_gmt":"2025-08-15T10:05:22","guid":{"rendered":"https:\/\/mon-guide.ch\/shop\/?post_type=product&#038;p=768"},"modified":"2025-08-15T12:05:23","modified_gmt":"2025-08-15T10:05:23","slug":"velo-vtt-electrique-leger-bergstrom-flow","status":"publish","type":"product","link":"https:\/\/mon-guide.ch\/shop\/produit\/velo-vtt-electrique-leger-bergstrom-flow\/","title":{"rendered":"V\u00e9lo VTT Electrique l\u00e9ger BERGSTROM Flow"},"content":{"rendered":"<p>Avec le Flow, dans le Flow. Puissant et l\u00e9ger. En descente comme en mont\u00e9e. Pr\u00e9cis et plein d&#8217;\u00e9nergie. M\u00eame lorsque le trail devient technique.<\/p>\n<p>Avec son nouveau moteur Bosch Performance SX, le Bergstrom Flow est tr\u00e8s sportif. Ce moteur compact et agile ne p\u00e8se que 1,98 kg mais fournit quand m\u00eame 600 W de puissance maxi comme le Bosch Performance CX. Lorsque la cadence augmente, l&#8217;assistance augmente encore plus vite, ce qui encourage un pilotage sportif. En mode Sprint, l&#8217;assistance atteint 280% de l&#8217;effort. Le p\u00e9dalage avec un Q-factor de 178 mm est naturel au-del\u00e0 de 25 km\/h pour que tu restes bien dans le Flow. En effet, la r\u00e9sistance au p\u00e9dalage est inf\u00e9rieure de 50% \u00e0 celle du Bosch Performance CX, en fait, quasiment inexistante. Le moteur est \u00e9galement tr\u00e8s discret au niveau sonore.<\/p>\n<p>Gr\u00e2ce au tube diagonal monobloc, le cadre en aluminium \u00e9conomise du poids et gagne en rigidit\u00e9. Le nombre d&#8217;articulations est r\u00e9duit, l&#8217;entretien est donc r\u00e9duit en cons\u00e9quence. La fixation enti\u00e8rement int\u00e9gr\u00e9e et minimaliste de la batterie permet d&#8217;\u00e9conomiser encore plus de poids tout en interdisant le moindre cliquetis. Les roues 29 avec pneus de 2.4 de large offrent le compromis optimal entre faible r\u00e9sistance au roulement, grip et l\u00e9g\u00e8ret\u00e9. Avec sa suspension arri\u00e8re active Horstlink quatre articulations avec d\u00e9battement de 130 mm, le Flow 2 ne se laisse pas impressionner par les gros chocs. \u00c0 l&#8217;avant, c&#8217;est la fourche suspendue DT Swiss F535 avec un d\u00e9battement de 140 mm qui encaisse.<\/p>\n<p>Propulsion \u00e9lectrique<\/p>\n<p>Bosch Performance SX 400Wh<\/p>\n<p>&nbsp;<\/p>\n","protected":false},"excerpt":{"rendered":"<p>VTT \u00e9lectrique l\u00e9ger FLOW 2 Alps Bosch CPT 400 SX GX-Eagle 12 vitesses<\/p>\n","protected":false},"featured_media":767,"template":"","meta":{"spay_email":""},"_links":{"self":[{"href":"https:\/\/mon-guide.ch\/shop\/wp-json\/wp\/v2\/product\/768"}],"collection":[{"href":"https:\/\/mon-guide.ch\/shop\/wp-json\/wp\/v2\/product"}],"about":[{"href":"https:\/\/mon-guide.ch\/shop\/wp-json\/wp\/v2\/types\/product"}],"wp:featuredmedia":[{"embeddable":true,"href":"https:\/\/mon-guide.ch\/shop\/wp-json\/wp\/v2\/media\/767"}],"wp:attachment":[{"href":"https:\/\/mon-guide.ch\/shop\/wp-json\/wp\/v2\/media?parent=768"}],"curies":[{"name":"wp","href":"https:\/\/api.w.org\/{rel}","templated":true}]}}