{"id":776,"date":"2025-08-15T12:05:20","date_gmt":"2025-08-15T10:05:20","guid":{"rendered":"https:\/\/mon-guide.ch\/shop\/?post_type=product&#038;p=776"},"modified":"2025-08-15T12:05:21","modified_gmt":"2025-08-15T10:05:21","slug":"velo-vtt-electrique-specialized-levo-sl","status":"publish","type":"product","link":"https:\/\/mon-guide.ch\/shop\/produit\/velo-vtt-electrique-specialized-levo-sl\/","title":{"rendered":"V\u00e9lo VTT \u00e9lectrique Specialized Levo SL"},"content":{"rendered":"<p>VTT \u00e9lectrique Specialized Levo SL, taille S, occasion, service effectu\u00e9 r\u00e9cemment<\/p>\n","protected":false},"excerpt":{"rendered":"<p>VTT \u00e9lectrique Specialized Levo SL, taille S, occasion, service effectu\u00e9 r\u00e9cemment<\/p>\n","protected":false},"featured_media":775,"template":"","meta":{"spay_email":""},"_links":{"self":[{"href":"https:\/\/mon-guide.ch\/shop\/wp-json\/wp\/v2\/product\/776"}],"collection":[{"href":"https:\/\/mon-guide.ch\/shop\/wp-json\/wp\/v2\/product"}],"about":[{"href":"https:\/\/mon-guide.ch\/shop\/wp-json\/wp\/v2\/types\/product"}],"wp:featuredmedia":[{"embeddable":true,"href":"https:\/\/mon-guide.ch\/shop\/wp-json\/wp\/v2\/media\/775"}],"wp:attachment":[{"href":"https:\/\/mon-guide.ch\/shop\/wp-json\/wp\/v2\/media?parent=776"}],"curies":[{"name":"wp","href":"https:\/\/api.w.org\/{rel}","templated":true}]}}